{"id":705,"date":"2022-09-06T16:13:37","date_gmt":"2022-09-06T16:13:37","guid":{"rendered":"https:\/\/rgarzamarcos.com\/h\/?page_id=705"},"modified":"2022-09-06T16:13:37","modified_gmt":"2022-09-06T16:13:37","slug":"torre-evalor","status":"publish","type":"page","link":"https:\/\/rgarzamarcos.com\/h\/carpinteria\/torre-evalor\/","title":{"rendered":"TORRE EVALOR"},"content":{"rendered":"<p><img loading=\"lazy\" decoding=\"async\" class=\"alignnone size-full wp-image-715\" src=\"https:\/\/rgarzamarcos.com\/h\/wp-content\/uploads\/2022\/09\/IMG_20190927_103349-scaled.jpg\" alt=\"\" width=\"2560\" height=\"1920\" srcset=\"https:\/\/rgarzamarcos.com\/h\/wp-content\/uploads\/2022\/09\/IMG_20190927_103349-scaled.jpg 2560w, https:\/\/rgarzamarcos.com\/h\/wp-content\/uploads\/2022\/09\/IMG_20190927_103349-300x225.jpg 300w, https:\/\/rgarzamarcos.com\/h\/wp-content\/uploads\/2022\/09\/IMG_20190927_103349-2000x1500.jpg 2000w, https:\/\/rgarzamarcos.com\/h\/wp-content\/uploads\/2022\/09\/IMG_20190927_103349-768x576.jpg 768w, https:\/\/rgarzamarcos.com\/h\/wp-content\/uploads\/2022\/09\/IMG_20190927_103349-1536x1152.jpg 1536w, https:\/\/rgarzamarcos.com\/h\/wp-content\/uploads\/2022\/09\/IMG_20190927_103349-2048x1536.jpg 2048w, https:\/\/rgarzamarcos.com\/h\/wp-content\/uploads\/2022\/09\/IMG_20190927_103349-500x375.jpg 500w, https:\/\/rgarzamarcos.com\/h\/wp-content\/uploads\/2022\/09\/IMG_20190927_103349-800x600.jpg 800w, https:\/\/rgarzamarcos.com\/h\/wp-content\/uploads\/2022\/09\/IMG_20190927_103349-1280x960.jpg 1280w, https:\/\/rgarzamarcos.com\/h\/wp-content\/uploads\/2022\/09\/IMG_20190927_103349-1920x1440.jpg 1920w, https:\/\/rgarzamarcos.com\/h\/wp-content\/uploads\/2022\/09\/IMG_20190927_103349-100x75.jpg 100w, https:\/\/rgarzamarcos.com\/h\/wp-content\/uploads\/2022\/09\/IMG_20190927_103349-1056x792.jpg 1056w\" sizes=\"auto, (max-width: 2560px) 100vw, 2560px\" \/><\/p>\n<p>DISE\u00d1O Y FABRICACI\u00d3N DE RECEPCION Y \u00c1REAS COMUNES EN TORRE EVALOR<\/p>\n<p><img loading=\"lazy\" decoding=\"async\" class=\"alignnone size-full wp-image-710\" src=\"https:\/\/rgarzamarcos.com\/h\/wp-content\/uploads\/2022\/09\/IMG_20190927_103055-scaled.jpg\" alt=\"\" width=\"2560\" height=\"1920\" srcset=\"https:\/\/rgarzamarcos.com\/h\/wp-content\/uploads\/2022\/09\/IMG_20190927_103055-scaled.jpg 2560w, https:\/\/rgarzamarcos.com\/h\/wp-content\/uploads\/2022\/09\/IMG_20190927_103055-300x225.jpg 300w, https:\/\/rgarzamarcos.com\/h\/wp-content\/uploads\/2022\/09\/IMG_20190927_103055-2000x1500.jpg 2000w, https:\/\/rgarzamarcos.com\/h\/wp-content\/uploads\/2022\/09\/IMG_20190927_103055-768x576.jpg 768w, https:\/\/rgarzamarcos.com\/h\/wp-content\/uploads\/2022\/09\/IMG_20190927_103055-1536x1152.jpg 1536w, https:\/\/rgarzamarcos.com\/h\/wp-content\/uploads\/2022\/09\/IMG_20190927_103055-2048x1536.jpg 2048w, https:\/\/rgarzamarcos.com\/h\/wp-content\/uploads\/2022\/09\/IMG_20190927_103055-500x375.jpg 500w, https:\/\/rgarzamarcos.com\/h\/wp-content\/uploads\/2022\/09\/IMG_20190927_103055-800x600.jpg 800w, https:\/\/rgarzamarcos.com\/h\/wp-content\/uploads\/2022\/09\/IMG_20190927_103055-1280x960.jpg 1280w, https:\/\/rgarzamarcos.com\/h\/wp-content\/uploads\/2022\/09\/IMG_20190927_103055-1920x1440.jpg 1920w, https:\/\/rgarzamarcos.com\/h\/wp-content\/uploads\/2022\/09\/IMG_20190927_103055-100x75.jpg 100w, https:\/\/rgarzamarcos.com\/h\/wp-content\/uploads\/2022\/09\/IMG_20190927_103055-1056x792.jpg 1056w\" sizes=\"auto, (max-width: 2560px) 100vw, 2560px\" \/><br \/>\n<img loading=\"lazy\" decoding=\"async\" class=\"alignnone size-full wp-image-716\" src=\"https:\/\/rgarzamarcos.com\/h\/wp-content\/uploads\/2022\/09\/00100lPORTRAIT_00100_BURST20190927103514705_COVER-scaled.jpg\" alt=\"\" width=\"2560\" height=\"1920\" srcset=\"https:\/\/rgarzamarcos.com\/h\/wp-content\/uploads\/2022\/09\/00100lPORTRAIT_00100_BURST20190927103514705_COVER-scaled.jpg 2560w, https:\/\/rgarzamarcos.com\/h\/wp-content\/uploads\/2022\/09\/00100lPORTRAIT_00100_BURST20190927103514705_COVER-300x225.jpg 300w, https:\/\/rgarzamarcos.com\/h\/wp-content\/uploads\/2022\/09\/00100lPORTRAIT_00100_BURST20190927103514705_COVER-2000x1500.jpg 2000w, https:\/\/rgarzamarcos.com\/h\/wp-content\/uploads\/2022\/09\/00100lPORTRAIT_00100_BURST20190927103514705_COVER-768x576.jpg 768w, https:\/\/rgarzamarcos.com\/h\/wp-content\/uploads\/2022\/09\/00100lPORTRAIT_00100_BURST20190927103514705_COVER-1536x1152.jpg 1536w, https:\/\/rgarzamarcos.com\/h\/wp-content\/uploads\/2022\/09\/00100lPORTRAIT_00100_BURST20190927103514705_COVER-2048x1536.jpg 2048w, https:\/\/rgarzamarcos.com\/h\/wp-content\/uploads\/2022\/09\/00100lPORTRAIT_00100_BURST20190927103514705_COVER-500x375.jpg 500w, https:\/\/rgarzamarcos.com\/h\/wp-content\/uploads\/2022\/09\/00100lPORTRAIT_00100_BURST20190927103514705_COVER-800x600.jpg 800w, https:\/\/rgarzamarcos.com\/h\/wp-content\/uploads\/2022\/09\/00100lPORTRAIT_00100_BURST20190927103514705_COVER-1280x960.jpg 1280w, https:\/\/rgarzamarcos.com\/h\/wp-content\/uploads\/2022\/09\/00100lPORTRAIT_00100_BURST20190927103514705_COVER-1920x1440.jpg 1920w, https:\/\/rgarzamarcos.com\/h\/wp-content\/uploads\/2022\/09\/00100lPORTRAIT_00100_BURST20190927103514705_COVER-100x75.jpg 100w, https:\/\/rgarzamarcos.com\/h\/wp-content\/uploads\/2022\/09\/00100lPORTRAIT_00100_BURST20190927103514705_COVER-1056x792.jpg 1056w\" sizes=\"auto, (max-width: 2560px) 100vw, 2560px\" \/><\/p>\n<p><img loading=\"lazy\" decoding=\"async\" class=\"alignnone size-full wp-image-714\" src=\"https:\/\/rgarzamarcos.com\/h\/wp-content\/uploads\/2022\/09\/00100lPORTRAIT_00100_BURST20190829113423613_COVER-scaled.jpg\" alt=\"\" width=\"2425\" height=\"2560\" srcset=\"https:\/\/rgarzamarcos.com\/h\/wp-content\/uploads\/2022\/09\/00100lPORTRAIT_00100_BURST20190829113423613_COVER-scaled.jpg 2425w, https:\/\/rgarzamarcos.com\/h\/wp-content\/uploads\/2022\/09\/00100lPORTRAIT_00100_BURST20190829113423613_COVER-284x300.jpg 284w, https:\/\/rgarzamarcos.com\/h\/wp-content\/uploads\/2022\/09\/00100lPORTRAIT_00100_BURST20190829113423613_COVER-2000x2111.jpg 2000w, https:\/\/rgarzamarcos.com\/h\/wp-content\/uploads\/2022\/09\/00100lPORTRAIT_00100_BURST20190829113423613_COVER-768x811.jpg 768w, https:\/\/rgarzamarcos.com\/h\/wp-content\/uploads\/2022\/09\/00100lPORTRAIT_00100_BURST20190829113423613_COVER-1455x1536.jpg 1455w, https:\/\/rgarzamarcos.com\/h\/wp-content\/uploads\/2022\/09\/00100lPORTRAIT_00100_BURST20190829113423613_COVER-1940x2048.jpg 1940w, https:\/\/rgarzamarcos.com\/h\/wp-content\/uploads\/2022\/09\/00100lPORTRAIT_00100_BURST20190829113423613_COVER-500x528.jpg 500w, https:\/\/rgarzamarcos.com\/h\/wp-content\/uploads\/2022\/09\/00100lPORTRAIT_00100_BURST20190829113423613_COVER-800x845.jpg 800w, https:\/\/rgarzamarcos.com\/h\/wp-content\/uploads\/2022\/09\/00100lPORTRAIT_00100_BURST20190829113423613_COVER-1280x1351.jpg 1280w, https:\/\/rgarzamarcos.com\/h\/wp-content\/uploads\/2022\/09\/00100lPORTRAIT_00100_BURST20190829113423613_COVER-1920x2027.jpg 1920w, https:\/\/rgarzamarcos.com\/h\/wp-content\/uploads\/2022\/09\/00100lPORTRAIT_00100_BURST20190829113423613_COVER-100x106.jpg 100w, https:\/\/rgarzamarcos.com\/h\/wp-content\/uploads\/2022\/09\/00100lPORTRAIT_00100_BURST20190829113423613_COVER-1056x1115.jpg 1056w\" sizes=\"auto, (max-width: 2425px) 100vw, 2425px\" \/><\/p>\n<p><img loading=\"lazy\" decoding=\"async\" class=\"alignnone size-full wp-image-709\" src=\"https:\/\/rgarzamarcos.com\/h\/wp-content\/uploads\/2022\/09\/IMG_20190927_103105-scaled.jpg\" alt=\"\" width=\"2560\" height=\"1920\" srcset=\"https:\/\/rgarzamarcos.com\/h\/wp-content\/uploads\/2022\/09\/IMG_20190927_103105-scaled.jpg 2560w, https:\/\/rgarzamarcos.com\/h\/wp-content\/uploads\/2022\/09\/IMG_20190927_103105-300x225.jpg 300w, https:\/\/rgarzamarcos.com\/h\/wp-content\/uploads\/2022\/09\/IMG_20190927_103105-2000x1500.jpg 2000w, https:\/\/rgarzamarcos.com\/h\/wp-content\/uploads\/2022\/09\/IMG_20190927_103105-768x576.jpg 768w, https:\/\/rgarzamarcos.com\/h\/wp-content\/uploads\/2022\/09\/IMG_20190927_103105-1536x1152.jpg 1536w, https:\/\/rgarzamarcos.com\/h\/wp-content\/uploads\/2022\/09\/IMG_20190927_103105-2048x1536.jpg 2048w, https:\/\/rgarzamarcos.com\/h\/wp-content\/uploads\/2022\/09\/IMG_20190927_103105-500x375.jpg 500w, https:\/\/rgarzamarcos.com\/h\/wp-content\/uploads\/2022\/09\/IMG_20190927_103105-800x600.jpg 800w, https:\/\/rgarzamarcos.com\/h\/wp-content\/uploads\/2022\/09\/IMG_20190927_103105-1280x960.jpg 1280w, https:\/\/rgarzamarcos.com\/h\/wp-content\/uploads\/2022\/09\/IMG_20190927_103105-1920x1440.jpg 1920w, https:\/\/rgarzamarcos.com\/h\/wp-content\/uploads\/2022\/09\/IMG_20190927_103105-100x75.jpg 100w, https:\/\/rgarzamarcos.com\/h\/wp-content\/uploads\/2022\/09\/IMG_20190927_103105-1056x792.jpg 1056w\" sizes=\"auto, (max-width: 2560px) 100vw, 2560px\" \/><\/p>\n<p><img loading=\"lazy\" decoding=\"async\" class=\"alignnone size-full wp-image-708\" src=\"https:\/\/rgarzamarcos.com\/h\/wp-content\/uploads\/2022\/09\/IMG_20190927_103122-scaled.jpg\" alt=\"\" width=\"2560\" height=\"1920\" srcset=\"https:\/\/rgarzamarcos.com\/h\/wp-content\/uploads\/2022\/09\/IMG_20190927_103122-scaled.jpg 2560w, https:\/\/rgarzamarcos.com\/h\/wp-content\/uploads\/2022\/09\/IMG_20190927_103122-300x225.jpg 300w, https:\/\/rgarzamarcos.com\/h\/wp-content\/uploads\/2022\/09\/IMG_20190927_103122-2000x1500.jpg 2000w, https:\/\/rgarzamarcos.com\/h\/wp-content\/uploads\/2022\/09\/IMG_20190927_103122-768x576.jpg 768w, https:\/\/rgarzamarcos.com\/h\/wp-content\/uploads\/2022\/09\/IMG_20190927_103122-1536x1152.jpg 1536w, https:\/\/rgarzamarcos.com\/h\/wp-content\/uploads\/2022\/09\/IMG_20190927_103122-2048x1536.jpg 2048w, https:\/\/rgarzamarcos.com\/h\/wp-content\/uploads\/2022\/09\/IMG_20190927_103122-500x375.jpg 500w, https:\/\/rgarzamarcos.com\/h\/wp-content\/uploads\/2022\/09\/IMG_20190927_103122-800x600.jpg 800w, https:\/\/rgarzamarcos.com\/h\/wp-content\/uploads\/2022\/09\/IMG_20190927_103122-1280x960.jpg 1280w, https:\/\/rgarzamarcos.com\/h\/wp-content\/uploads\/2022\/09\/IMG_20190927_103122-1920x1440.jpg 1920w, https:\/\/rgarzamarcos.com\/h\/wp-content\/uploads\/2022\/09\/IMG_20190927_103122-100x75.jpg 100w, https:\/\/rgarzamarcos.com\/h\/wp-content\/uploads\/2022\/09\/IMG_20190927_103122-1056x792.jpg 1056w\" sizes=\"auto, (max-width: 2560px) 100vw, 2560px\" \/><\/p>\n<p><img loading=\"lazy\" decoding=\"async\" class=\"alignnone size-full wp-image-707\" src=\"https:\/\/rgarzamarcos.com\/h\/wp-content\/uploads\/2022\/09\/IMG_20190927_103156-scaled.jpg\" alt=\"\" width=\"1920\" height=\"2560\" srcset=\"https:\/\/rgarzamarcos.com\/h\/wp-content\/uploads\/2022\/09\/IMG_20190927_103156-scaled.jpg 1920w, https:\/\/rgarzamarcos.com\/h\/wp-content\/uploads\/2022\/09\/IMG_20190927_103156-225x300.jpg 225w, https:\/\/rgarzamarcos.com\/h\/wp-content\/uploads\/2022\/09\/IMG_20190927_103156-2000x2667.jpg 2000w, https:\/\/rgarzamarcos.com\/h\/wp-content\/uploads\/2022\/09\/IMG_20190927_103156-768x1024.jpg 768w, https:\/\/rgarzamarcos.com\/h\/wp-content\/uploads\/2022\/09\/IMG_20190927_103156-1152x1536.jpg 1152w, https:\/\/rgarzamarcos.com\/h\/wp-content\/uploads\/2022\/09\/IMG_20190927_103156-1536x2048.jpg 1536w, https:\/\/rgarzamarcos.com\/h\/wp-content\/uploads\/2022\/09\/IMG_20190927_103156-500x667.jpg 500w, https:\/\/rgarzamarcos.com\/h\/wp-content\/uploads\/2022\/09\/IMG_20190927_103156-800x1067.jpg 800w, https:\/\/rgarzamarcos.com\/h\/wp-content\/uploads\/2022\/09\/IMG_20190927_103156-1280x1707.jpg 1280w, https:\/\/rgarzamarcos.com\/h\/wp-content\/uploads\/2022\/09\/IMG_20190927_103156-100x133.jpg 100w, https:\/\/rgarzamarcos.com\/h\/wp-content\/uploads\/2022\/09\/IMG_20190927_103156-1056x1408.jpg 1056w\" sizes=\"auto, (max-width: 1920px) 100vw, 1920px\" \/><\/p>\n<p><img loading=\"lazy\" decoding=\"async\" class=\"alignnone size-full wp-image-706\" src=\"https:\/\/rgarzamarcos.com\/h\/wp-content\/uploads\/2022\/09\/IMG_20190927_103533-scaled.jpg\" alt=\"\" width=\"2560\" height=\"1920\" srcset=\"https:\/\/rgarzamarcos.com\/h\/wp-content\/uploads\/2022\/09\/IMG_20190927_103533-scaled.jpg 2560w, https:\/\/rgarzamarcos.com\/h\/wp-content\/uploads\/2022\/09\/IMG_20190927_103533-300x225.jpg 300w, https:\/\/rgarzamarcos.com\/h\/wp-content\/uploads\/2022\/09\/IMG_20190927_103533-2000x1500.jpg 2000w, https:\/\/rgarzamarcos.com\/h\/wp-content\/uploads\/2022\/09\/IMG_20190927_103533-768x576.jpg 768w, https:\/\/rgarzamarcos.com\/h\/wp-content\/uploads\/2022\/09\/IMG_20190927_103533-1536x1152.jpg 1536w, https:\/\/rgarzamarcos.com\/h\/wp-content\/uploads\/2022\/09\/IMG_20190927_103533-2048x1536.jpg 2048w, https:\/\/rgarzamarcos.com\/h\/wp-content\/uploads\/2022\/09\/IMG_20190927_103533-500x375.jpg 500w, https:\/\/rgarzamarcos.com\/h\/wp-content\/uploads\/2022\/09\/IMG_20190927_103533-800x600.jpg 800w, https:\/\/rgarzamarcos.com\/h\/wp-content\/uploads\/2022\/09\/IMG_20190927_103533-1280x960.jpg 1280w, https:\/\/rgarzamarcos.com\/h\/wp-content\/uploads\/2022\/09\/IMG_20190927_103533-1920x1440.jpg 1920w, https:\/\/rgarzamarcos.com\/h\/wp-content\/uploads\/2022\/09\/IMG_20190927_103533-100x75.jpg 100w, https:\/\/rgarzamarcos.com\/h\/wp-content\/uploads\/2022\/09\/IMG_20190927_103533-1056x792.jpg 1056w\" sizes=\"auto, (max-width: 2560px) 100vw, 2560px\" \/><br \/>\n<img loading=\"lazy\" decoding=\"async\" class=\"alignnone size-full wp-image-713\" src=\"https:\/\/rgarzamarcos.com\/h\/wp-content\/uploads\/2022\/09\/PXL_20201028_004226744.MP_-scaled.jpg\" alt=\"\" width=\"2560\" height=\"1920\" srcset=\"https:\/\/rgarzamarcos.com\/h\/wp-content\/uploads\/2022\/09\/PXL_20201028_004226744.MP_-scaled.jpg 2560w, https:\/\/rgarzamarcos.com\/h\/wp-content\/uploads\/2022\/09\/PXL_20201028_004226744.MP_-300x225.jpg 300w, https:\/\/rgarzamarcos.com\/h\/wp-content\/uploads\/2022\/09\/PXL_20201028_004226744.MP_-2000x1500.jpg 2000w, https:\/\/rgarzamarcos.com\/h\/wp-content\/uploads\/2022\/09\/PXL_20201028_004226744.MP_-768x576.jpg 768w, https:\/\/rgarzamarcos.com\/h\/wp-content\/uploads\/2022\/09\/PXL_20201028_004226744.MP_-1536x1152.jpg 1536w, https:\/\/rgarzamarcos.com\/h\/wp-content\/uploads\/2022\/09\/PXL_20201028_004226744.MP_-2048x1536.jpg 2048w, https:\/\/rgarzamarcos.com\/h\/wp-content\/uploads\/2022\/09\/PXL_20201028_004226744.MP_-500x375.jpg 500w, https:\/\/rgarzamarcos.com\/h\/wp-content\/uploads\/2022\/09\/PXL_20201028_004226744.MP_-800x600.jpg 800w, https:\/\/rgarzamarcos.com\/h\/wp-content\/uploads\/2022\/09\/PXL_20201028_004226744.MP_-1280x960.jpg 1280w, https:\/\/rgarzamarcos.com\/h\/wp-content\/uploads\/2022\/09\/PXL_20201028_004226744.MP_-1920x1440.jpg 1920w, https:\/\/rgarzamarcos.com\/h\/wp-content\/uploads\/2022\/09\/PXL_20201028_004226744.MP_-100x75.jpg 100w, https:\/\/rgarzamarcos.com\/h\/wp-content\/uploads\/2022\/09\/PXL_20201028_004226744.MP_-1056x792.jpg 1056w\" sizes=\"auto, (max-width: 2560px) 100vw, 2560px\" \/><\/p>\n<p><img loading=\"lazy\" decoding=\"async\" class=\"alignnone size-full wp-image-712\" src=\"https:\/\/rgarzamarcos.com\/h\/wp-content\/uploads\/2022\/09\/PXL_20201028_004222454.MP_-scaled.jpg\" alt=\"\" width=\"2560\" height=\"1920\" srcset=\"https:\/\/rgarzamarcos.com\/h\/wp-content\/uploads\/2022\/09\/PXL_20201028_004222454.MP_-scaled.jpg 2560w, https:\/\/rgarzamarcos.com\/h\/wp-content\/uploads\/2022\/09\/PXL_20201028_004222454.MP_-300x225.jpg 300w, https:\/\/rgarzamarcos.com\/h\/wp-content\/uploads\/2022\/09\/PXL_20201028_004222454.MP_-2000x1500.jpg 2000w, https:\/\/rgarzamarcos.com\/h\/wp-content\/uploads\/2022\/09\/PXL_20201028_004222454.MP_-768x576.jpg 768w, https:\/\/rgarzamarcos.com\/h\/wp-content\/uploads\/2022\/09\/PXL_20201028_004222454.MP_-1536x1152.jpg 1536w, https:\/\/rgarzamarcos.com\/h\/wp-content\/uploads\/2022\/09\/PXL_20201028_004222454.MP_-2048x1536.jpg 2048w, https:\/\/rgarzamarcos.com\/h\/wp-content\/uploads\/2022\/09\/PXL_20201028_004222454.MP_-500x375.jpg 500w, https:\/\/rgarzamarcos.com\/h\/wp-content\/uploads\/2022\/09\/PXL_20201028_004222454.MP_-800x600.jpg 800w, https:\/\/rgarzamarcos.com\/h\/wp-content\/uploads\/2022\/09\/PXL_20201028_004222454.MP_-1280x960.jpg 1280w, https:\/\/rgarzamarcos.com\/h\/wp-content\/uploads\/2022\/09\/PXL_20201028_004222454.MP_-1920x1440.jpg 1920w, https:\/\/rgarzamarcos.com\/h\/wp-content\/uploads\/2022\/09\/PXL_20201028_004222454.MP_-100x75.jpg 100w, https:\/\/rgarzamarcos.com\/h\/wp-content\/uploads\/2022\/09\/PXL_20201028_004222454.MP_-1056x792.jpg 1056w\" sizes=\"auto, (max-width: 2560px) 100vw, 2560px\" \/><\/p>\n","protected":false},"excerpt":{"rendered":"<p>DISE\u00d1O Y FABRICACI\u00d3N DE RECEPCION Y \u00c1REAS COMUNES EN TORRE EVALOR<\/p>\n","protected":false},"author":1,"featured_media":715,"parent":353,"menu_order":0,"comment_status":"closed","ping_status":"closed","template":"template-blank-4.php","meta":{"ngg_post_thumbnail":0,"_vp_format_video_url":"","_vp_image_focal_point":[],"footnotes":""},"class_list":["post-705","page","type-page","status-publish","has-post-thumbnail","hentry"],"_links":{"self":[{"href":"https:\/\/rgarzamarcos.com\/h\/wp-json\/wp\/v2\/pages\/705","targetHints":{"allow":["GET"]}}],"collection":[{"href":"https:\/\/rgarzamarcos.com\/h\/wp-json\/wp\/v2\/pages"}],"about":[{"href":"https:\/\/rgarzamarcos.com\/h\/wp-json\/wp\/v2\/types\/page"}],"author":[{"embeddable":true,"href":"https:\/\/rgarzamarcos.com\/h\/wp-json\/wp\/v2\/users\/1"}],"replies":[{"embeddable":true,"href":"https:\/\/rgarzamarcos.com\/h\/wp-json\/wp\/v2\/comments?post=705"}],"version-history":[{"count":1,"href":"https:\/\/rgarzamarcos.com\/h\/wp-json\/wp\/v2\/pages\/705\/revisions"}],"predecessor-version":[{"id":717,"href":"https:\/\/rgarzamarcos.com\/h\/wp-json\/wp\/v2\/pages\/705\/revisions\/717"}],"up":[{"embeddable":true,"href":"https:\/\/rgarzamarcos.com\/h\/wp-json\/wp\/v2\/pages\/353"}],"wp:featuredmedia":[{"embeddable":true,"href":"https:\/\/rgarzamarcos.com\/h\/wp-json\/wp\/v2\/media\/715"}],"wp:attachment":[{"href":"https:\/\/rgarzamarcos.com\/h\/wp-json\/wp\/v2\/media?parent=705"}],"curies":[{"name":"wp","href":"https:\/\/api.w.org\/{rel}","templated":true}]}}