{"id":630,"date":"2022-09-05T22:22:59","date_gmt":"2022-09-05T22:22:59","guid":{"rendered":"https:\/\/rgarzamarcos.com\/h\/?page_id=630"},"modified":"2022-09-05T23:22:27","modified_gmt":"2022-09-05T23:22:27","slug":"fogata","status":"publish","type":"page","link":"https:\/\/rgarzamarcos.com\/h\/iluminacion\/fogata\/","title":{"rendered":"FOGATA"},"content":{"rendered":"<p><img loading=\"lazy\" decoding=\"async\" class=\"alignnone size-full wp-image-632\" src=\"https:\/\/rgarzamarcos.com\/h\/wp-content\/uploads\/2022\/09\/IMG_20180928_175315.jpg\" alt=\"\" width=\"2000\" height=\"1500\" srcset=\"https:\/\/rgarzamarcos.com\/h\/wp-content\/uploads\/2022\/09\/IMG_20180928_175315.jpg 2000w, https:\/\/rgarzamarcos.com\/h\/wp-content\/uploads\/2022\/09\/IMG_20180928_175315-300x225.jpg 300w, https:\/\/rgarzamarcos.com\/h\/wp-content\/uploads\/2022\/09\/IMG_20180928_175315-768x576.jpg 768w, https:\/\/rgarzamarcos.com\/h\/wp-content\/uploads\/2022\/09\/IMG_20180928_175315-1536x1152.jpg 1536w, https:\/\/rgarzamarcos.com\/h\/wp-content\/uploads\/2022\/09\/IMG_20180928_175315-500x375.jpg 500w, https:\/\/rgarzamarcos.com\/h\/wp-content\/uploads\/2022\/09\/IMG_20180928_175315-800x600.jpg 800w, https:\/\/rgarzamarcos.com\/h\/wp-content\/uploads\/2022\/09\/IMG_20180928_175315-1280x960.jpg 1280w, https:\/\/rgarzamarcos.com\/h\/wp-content\/uploads\/2022\/09\/IMG_20180928_175315-1920x1440.jpg 1920w, https:\/\/rgarzamarcos.com\/h\/wp-content\/uploads\/2022\/09\/IMG_20180928_175315-100x75.jpg 100w, https:\/\/rgarzamarcos.com\/h\/wp-content\/uploads\/2022\/09\/IMG_20180928_175315-1056x792.jpg 1056w\" sizes=\"auto, (max-width: 2000px) 100vw, 2000px\" \/><\/p>\n<p>L\u00c1MPARA DE LAT\u00d3N SOLIDO CON APAGADOR T\u00c1CTIL. EL LAT\u00d3N AL SER CONDUCTIVO PERMITE QUE LAS PIEZAS DE LATON SEAN ACOMODADAS DE CUALQUIER MANERA Y AL TOCAR EN CUALQUIER PARTE DE ALGUNA DE LAS PIEZAS, ESTA SE PUEDA ANCENDER O ATENUAR, PERMITIENDO UN NUMERO INTERMINABLE DE OPCIONES DE ACOMODO <img loading=\"lazy\" decoding=\"async\" class=\"alignnone size-full wp-image-633\" src=\"https:\/\/rgarzamarcos.com\/h\/wp-content\/uploads\/2022\/09\/IMG_20180928_175354.jpg\" alt=\"\" width=\"2000\" height=\"1500\" srcset=\"https:\/\/rgarzamarcos.com\/h\/wp-content\/uploads\/2022\/09\/IMG_20180928_175354.jpg 2000w, https:\/\/rgarzamarcos.com\/h\/wp-content\/uploads\/2022\/09\/IMG_20180928_175354-300x225.jpg 300w, https:\/\/rgarzamarcos.com\/h\/wp-content\/uploads\/2022\/09\/IMG_20180928_175354-768x576.jpg 768w, https:\/\/rgarzamarcos.com\/h\/wp-content\/uploads\/2022\/09\/IMG_20180928_175354-1536x1152.jpg 1536w, https:\/\/rgarzamarcos.com\/h\/wp-content\/uploads\/2022\/09\/IMG_20180928_175354-500x375.jpg 500w, https:\/\/rgarzamarcos.com\/h\/wp-content\/uploads\/2022\/09\/IMG_20180928_175354-800x600.jpg 800w, https:\/\/rgarzamarcos.com\/h\/wp-content\/uploads\/2022\/09\/IMG_20180928_175354-1280x960.jpg 1280w, https:\/\/rgarzamarcos.com\/h\/wp-content\/uploads\/2022\/09\/IMG_20180928_175354-1920x1440.jpg 1920w, https:\/\/rgarzamarcos.com\/h\/wp-content\/uploads\/2022\/09\/IMG_20180928_175354-100x75.jpg 100w, https:\/\/rgarzamarcos.com\/h\/wp-content\/uploads\/2022\/09\/IMG_20180928_175354-1056x792.jpg 1056w\" sizes=\"auto, (max-width: 2000px) 100vw, 2000px\" \/> <img loading=\"lazy\" decoding=\"async\" class=\"alignnone size-full wp-image-634\" src=\"https:\/\/rgarzamarcos.com\/h\/wp-content\/uploads\/2022\/09\/IMG_20180924_193654-Copy-scaled.jpg\" alt=\"\" width=\"2560\" height=\"2123\" srcset=\"https:\/\/rgarzamarcos.com\/h\/wp-content\/uploads\/2022\/09\/IMG_20180924_193654-Copy-scaled.jpg 2560w, https:\/\/rgarzamarcos.com\/h\/wp-content\/uploads\/2022\/09\/IMG_20180924_193654-Copy-300x249.jpg 300w, https:\/\/rgarzamarcos.com\/h\/wp-content\/uploads\/2022\/09\/IMG_20180924_193654-Copy-2000x1658.jpg 2000w, https:\/\/rgarzamarcos.com\/h\/wp-content\/uploads\/2022\/09\/IMG_20180924_193654-Copy-768x637.jpg 768w, https:\/\/rgarzamarcos.com\/h\/wp-content\/uploads\/2022\/09\/IMG_20180924_193654-Copy-1536x1274.jpg 1536w, https:\/\/rgarzamarcos.com\/h\/wp-content\/uploads\/2022\/09\/IMG_20180924_193654-Copy-2048x1698.jpg 2048w, https:\/\/rgarzamarcos.com\/h\/wp-content\/uploads\/2022\/09\/IMG_20180924_193654-Copy-500x415.jpg 500w, https:\/\/rgarzamarcos.com\/h\/wp-content\/uploads\/2022\/09\/IMG_20180924_193654-Copy-800x663.jpg 800w, https:\/\/rgarzamarcos.com\/h\/wp-content\/uploads\/2022\/09\/IMG_20180924_193654-Copy-1280x1061.jpg 1280w, https:\/\/rgarzamarcos.com\/h\/wp-content\/uploads\/2022\/09\/IMG_20180924_193654-Copy-1920x1592.jpg 1920w, https:\/\/rgarzamarcos.com\/h\/wp-content\/uploads\/2022\/09\/IMG_20180924_193654-Copy-100x83.jpg 100w, https:\/\/rgarzamarcos.com\/h\/wp-content\/uploads\/2022\/09\/IMG_20180924_193654-Copy-1056x876.jpg 1056w\" sizes=\"auto, (max-width: 2560px) 100vw, 2560px\" \/> <img loading=\"lazy\" decoding=\"async\" class=\"alignnone size-full wp-image-635\" src=\"https:\/\/rgarzamarcos.com\/h\/wp-content\/uploads\/2022\/09\/IMG_20180928_175220.jpg\" alt=\"\" width=\"2000\" height=\"1500\" srcset=\"https:\/\/rgarzamarcos.com\/h\/wp-content\/uploads\/2022\/09\/IMG_20180928_175220.jpg 2000w, https:\/\/rgarzamarcos.com\/h\/wp-content\/uploads\/2022\/09\/IMG_20180928_175220-300x225.jpg 300w, https:\/\/rgarzamarcos.com\/h\/wp-content\/uploads\/2022\/09\/IMG_20180928_175220-768x576.jpg 768w, https:\/\/rgarzamarcos.com\/h\/wp-content\/uploads\/2022\/09\/IMG_20180928_175220-1536x1152.jpg 1536w, https:\/\/rgarzamarcos.com\/h\/wp-content\/uploads\/2022\/09\/IMG_20180928_175220-500x375.jpg 500w, https:\/\/rgarzamarcos.com\/h\/wp-content\/uploads\/2022\/09\/IMG_20180928_175220-800x600.jpg 800w, https:\/\/rgarzamarcos.com\/h\/wp-content\/uploads\/2022\/09\/IMG_20180928_175220-1280x960.jpg 1280w, https:\/\/rgarzamarcos.com\/h\/wp-content\/uploads\/2022\/09\/IMG_20180928_175220-1920x1440.jpg 1920w, https:\/\/rgarzamarcos.com\/h\/wp-content\/uploads\/2022\/09\/IMG_20180928_175220-100x75.jpg 100w, https:\/\/rgarzamarcos.com\/h\/wp-content\/uploads\/2022\/09\/IMG_20180928_175220-1056x792.jpg 1056w\" sizes=\"auto, (max-width: 2000px) 100vw, 2000px\" \/> <img loading=\"lazy\" decoding=\"async\" class=\"alignnone size-full wp-image-636\" src=\"https:\/\/rgarzamarcos.com\/h\/wp-content\/uploads\/2022\/09\/IMG_20180924_193601-Copy.jpg\" alt=\"\" width=\"2000\" height=\"1500\" srcset=\"https:\/\/rgarzamarcos.com\/h\/wp-content\/uploads\/2022\/09\/IMG_20180924_193601-Copy.jpg 2000w, https:\/\/rgarzamarcos.com\/h\/wp-content\/uploads\/2022\/09\/IMG_20180924_193601-Copy-300x225.jpg 300w, https:\/\/rgarzamarcos.com\/h\/wp-content\/uploads\/2022\/09\/IMG_20180924_193601-Copy-768x576.jpg 768w, https:\/\/rgarzamarcos.com\/h\/wp-content\/uploads\/2022\/09\/IMG_20180924_193601-Copy-1536x1152.jpg 1536w, https:\/\/rgarzamarcos.com\/h\/wp-content\/uploads\/2022\/09\/IMG_20180924_193601-Copy-500x375.jpg 500w, https:\/\/rgarzamarcos.com\/h\/wp-content\/uploads\/2022\/09\/IMG_20180924_193601-Copy-800x600.jpg 800w, https:\/\/rgarzamarcos.com\/h\/wp-content\/uploads\/2022\/09\/IMG_20180924_193601-Copy-1280x960.jpg 1280w, https:\/\/rgarzamarcos.com\/h\/wp-content\/uploads\/2022\/09\/IMG_20180924_193601-Copy-1920x1440.jpg 1920w, https:\/\/rgarzamarcos.com\/h\/wp-content\/uploads\/2022\/09\/IMG_20180924_193601-Copy-100x75.jpg 100w, https:\/\/rgarzamarcos.com\/h\/wp-content\/uploads\/2022\/09\/IMG_20180924_193601-Copy-1056x792.jpg 1056w\" sizes=\"auto, (max-width: 2000px) 100vw, 2000px\" \/> <img loading=\"lazy\" decoding=\"async\" class=\"alignnone size-full wp-image-637\" src=\"https:\/\/rgarzamarcos.com\/h\/wp-content\/uploads\/2022\/09\/IMG_20180924_193718-Copy.jpg\" alt=\"\" width=\"2000\" height=\"1500\" srcset=\"https:\/\/rgarzamarcos.com\/h\/wp-content\/uploads\/2022\/09\/IMG_20180924_193718-Copy.jpg 2000w, https:\/\/rgarzamarcos.com\/h\/wp-content\/uploads\/2022\/09\/IMG_20180924_193718-Copy-300x225.jpg 300w, https:\/\/rgarzamarcos.com\/h\/wp-content\/uploads\/2022\/09\/IMG_20180924_193718-Copy-768x576.jpg 768w, https:\/\/rgarzamarcos.com\/h\/wp-content\/uploads\/2022\/09\/IMG_20180924_193718-Copy-1536x1152.jpg 1536w, https:\/\/rgarzamarcos.com\/h\/wp-content\/uploads\/2022\/09\/IMG_20180924_193718-Copy-500x375.jpg 500w, https:\/\/rgarzamarcos.com\/h\/wp-content\/uploads\/2022\/09\/IMG_20180924_193718-Copy-800x600.jpg 800w, https:\/\/rgarzamarcos.com\/h\/wp-content\/uploads\/2022\/09\/IMG_20180924_193718-Copy-1280x960.jpg 1280w, https:\/\/rgarzamarcos.com\/h\/wp-content\/uploads\/2022\/09\/IMG_20180924_193718-Copy-1920x1440.jpg 1920w, https:\/\/rgarzamarcos.com\/h\/wp-content\/uploads\/2022\/09\/IMG_20180924_193718-Copy-100x75.jpg 100w, https:\/\/rgarzamarcos.com\/h\/wp-content\/uploads\/2022\/09\/IMG_20180924_193718-Copy-1056x792.jpg 1056w\" sizes=\"auto, (max-width: 2000px) 100vw, 2000px\" \/><\/p>\n","protected":false},"excerpt":{"rendered":"<p>L\u00c1MPARA DE LAT\u00d3N SOLIDO CON APAGADOR T\u00c1CTIL. EL LAT\u00d3N AL SER CONDUCTIVO PERMITE QUE LAS PIEZAS DE LATON SEAN ACOMODADAS DE CUALQUIER MANERA Y AL TOCAR EN CUALQUIER PARTE DE ALGUNA DE LAS PIEZAS, ESTA SE PUEDA ANCENDER O ATENUAR, PERMITIENDO UN NUMERO INTERMINABLE DE OPCIONES DE ACOMODO<\/p>\n","protected":false},"author":1,"featured_media":632,"parent":16,"menu_order":0,"comment_status":"closed","ping_status":"closed","template":"template-blank-4.php","meta":{"ngg_post_thumbnail":0,"_vp_format_video_url":"","_vp_image_focal_point":[],"footnotes":""},"class_list":["post-630","page","type-page","status-publish","has-post-thumbnail","hentry"],"_links":{"self":[{"href":"https:\/\/rgarzamarcos.com\/h\/wp-json\/wp\/v2\/pages\/630","targetHints":{"allow":["GET"]}}],"collection":[{"href":"https:\/\/rgarzamarcos.com\/h\/wp-json\/wp\/v2\/pages"}],"about":[{"href":"https:\/\/rgarzamarcos.com\/h\/wp-json\/wp\/v2\/types\/page"}],"author":[{"embeddable":true,"href":"https:\/\/rgarzamarcos.com\/h\/wp-json\/wp\/v2\/users\/1"}],"replies":[{"embeddable":true,"href":"https:\/\/rgarzamarcos.com\/h\/wp-json\/wp\/v2\/comments?post=630"}],"version-history":[{"count":2,"href":"https:\/\/rgarzamarcos.com\/h\/wp-json\/wp\/v2\/pages\/630\/revisions"}],"predecessor-version":[{"id":638,"href":"https:\/\/rgarzamarcos.com\/h\/wp-json\/wp\/v2\/pages\/630\/revisions\/638"}],"up":[{"embeddable":true,"href":"https:\/\/rgarzamarcos.com\/h\/wp-json\/wp\/v2\/pages\/16"}],"wp:featuredmedia":[{"embeddable":true,"href":"https:\/\/rgarzamarcos.com\/h\/wp-json\/wp\/v2\/media\/632"}],"wp:attachment":[{"href":"https:\/\/rgarzamarcos.com\/h\/wp-json\/wp\/v2\/media?parent=630"}],"curies":[{"name":"wp","href":"https:\/\/api.w.org\/{rel}","templated":true}]}}