{"id":227,"date":"2022-04-26T18:36:20","date_gmt":"2022-04-26T18:36:20","guid":{"rendered":"https:\/\/rgarzamarcos.com\/h\/?page_id=227"},"modified":"2022-04-26T18:36:20","modified_gmt":"2022-04-26T18:36:20","slug":"mesa-de-cantera-y-cristal","status":"publish","type":"page","link":"https:\/\/rgarzamarcos.com\/h\/mobiliario\/mesa-de-cantera-y-cristal\/","title":{"rendered":"MESA DE CANTERA Y CRISTAL"},"content":{"rendered":"<p><img loading=\"lazy\" decoding=\"async\" class=\"alignnone size-full wp-image-228\" src=\"https:\/\/rgarzamarcos.com\/h\/wp-content\/uploads\/2022\/04\/PXL_20220101_220917974.MP_.jpg\" alt=\"\" width=\"2000\" height=\"1683\" srcset=\"https:\/\/rgarzamarcos.com\/h\/wp-content\/uploads\/2022\/04\/PXL_20220101_220917974.MP_.jpg 2000w, https:\/\/rgarzamarcos.com\/h\/wp-content\/uploads\/2022\/04\/PXL_20220101_220917974.MP_-300x252.jpg 300w, https:\/\/rgarzamarcos.com\/h\/wp-content\/uploads\/2022\/04\/PXL_20220101_220917974.MP_-768x646.jpg 768w, https:\/\/rgarzamarcos.com\/h\/wp-content\/uploads\/2022\/04\/PXL_20220101_220917974.MP_-1536x1293.jpg 1536w, https:\/\/rgarzamarcos.com\/h\/wp-content\/uploads\/2022\/04\/PXL_20220101_220917974.MP_-500x421.jpg 500w, https:\/\/rgarzamarcos.com\/h\/wp-content\/uploads\/2022\/04\/PXL_20220101_220917974.MP_-800x673.jpg 800w, https:\/\/rgarzamarcos.com\/h\/wp-content\/uploads\/2022\/04\/PXL_20220101_220917974.MP_-1280x1077.jpg 1280w, https:\/\/rgarzamarcos.com\/h\/wp-content\/uploads\/2022\/04\/PXL_20220101_220917974.MP_-1920x1616.jpg 1920w, https:\/\/rgarzamarcos.com\/h\/wp-content\/uploads\/2022\/04\/PXL_20220101_220917974.MP_-100x84.jpg 100w, https:\/\/rgarzamarcos.com\/h\/wp-content\/uploads\/2022\/04\/PXL_20220101_220917974.MP_-1056x889.jpg 1056w\" sizes=\"auto, (max-width: 2000px) 100vw, 2000px\" \/><\/p>\n<p>MESA PARA 12 PERSONAS<\/p>\n<p>BASE LABRADA POR ARTESANOS DE LA LOCALIDAD DE UNA PIEDRA S\u00d3LIDA DE CANTERA, CON DI\u00c1METRODE 1.50 METROS, SOSTENIENDO UN CRISTAL DE 2.80 METROS DE DI\u00c1METRO<\/p>\n","protected":false},"excerpt":{"rendered":"<p>MESA PARA 12 PERSONAS BASE LABRADA POR ARTESANOS DE LA LOCALIDAD DE UNA PIEDRA S\u00d3LIDA DE CANTERA, CON DI\u00c1METRODE 1.50 METROS, SOSTENIENDO UN CRISTAL DE 2.80 METROS DE DI\u00c1METRO<\/p>\n","protected":false},"author":1,"featured_media":228,"parent":14,"menu_order":0,"comment_status":"closed","ping_status":"closed","template":"template-blank-4.php","meta":{"ngg_post_thumbnail":0,"_vp_format_video_url":"","_vp_image_focal_point":[],"footnotes":""},"class_list":["post-227","page","type-page","status-publish","has-post-thumbnail","hentry"],"_links":{"self":[{"href":"https:\/\/rgarzamarcos.com\/h\/wp-json\/wp\/v2\/pages\/227","targetHints":{"allow":["GET"]}}],"collection":[{"href":"https:\/\/rgarzamarcos.com\/h\/wp-json\/wp\/v2\/pages"}],"about":[{"href":"https:\/\/rgarzamarcos.com\/h\/wp-json\/wp\/v2\/types\/page"}],"author":[{"embeddable":true,"href":"https:\/\/rgarzamarcos.com\/h\/wp-json\/wp\/v2\/users\/1"}],"replies":[{"embeddable":true,"href":"https:\/\/rgarzamarcos.com\/h\/wp-json\/wp\/v2\/comments?post=227"}],"version-history":[{"count":1,"href":"https:\/\/rgarzamarcos.com\/h\/wp-json\/wp\/v2\/pages\/227\/revisions"}],"predecessor-version":[{"id":229,"href":"https:\/\/rgarzamarcos.com\/h\/wp-json\/wp\/v2\/pages\/227\/revisions\/229"}],"up":[{"embeddable":true,"href":"https:\/\/rgarzamarcos.com\/h\/wp-json\/wp\/v2\/pages\/14"}],"wp:featuredmedia":[{"embeddable":true,"href":"https:\/\/rgarzamarcos.com\/h\/wp-json\/wp\/v2\/media\/228"}],"wp:attachment":[{"href":"https:\/\/rgarzamarcos.com\/h\/wp-json\/wp\/v2\/media?parent=227"}],"curies":[{"name":"wp","href":"https:\/\/api.w.org\/{rel}","templated":true}]}}